{"id":255,"date":"2025-08-07T09:23:57","date_gmt":"2025-08-07T07:23:57","guid":{"rendered":"https:\/\/szalajkaliget.hu\/szalajka-liget-hotel-es-apartmanhazak\/"},"modified":"2025-09-23T12:03:43","modified_gmt":"2025-09-23T10:03:43","slug":"szalajka-liget-hotel-es-apartmanhazak","status":"publish","type":"page","link":"https:\/\/szalajkaliget.hu\/pl\/","title":{"rendered":"Hotel i Apartamenty Szalajka Liget"},"content":{"rendered":"","protected":false},"excerpt":{"rendered":"","protected":false},"author":1,"featured_media":0,"parent":0,"menu_order":0,"comment_status":"closed","ping_status":"closed","template":"","meta":{"footnotes":""},"class_list":["post-255","page","type-page","status-publish","hentry"],"yoast_head":"<!-- This site is optimized with the Yoast SEO plugin v27.5 - https:\/\/yoast.com\/product\/yoast-seo-wordpress\/ -->\n<title>Hotel i Apartamenty Szalajka Liget - Szalajka Liget Hotel \u00e9s Apartmanh\u00e1zak<\/title>\n<meta name=\"robots\" content=\"index, follow, max-snippet:-1, max-image-preview:large, max-video-preview:-1\" \/>\n<link rel=\"canonical\" href=\"https:\/\/szalajkaliget.hu\/pl\/\" \/>\n<meta property=\"og:locale\" content=\"pl_PL\" \/>\n<meta property=\"og:type\" content=\"article\" \/>\n<meta property=\"og:title\" content=\"Hotel i Apartamenty Szalajka Liget - Szalajka Liget Hotel \u00e9s Apartmanh\u00e1zak\" \/>\n<meta property=\"og:url\" content=\"https:\/\/szalajkaliget.hu\/pl\/\" \/>\n<meta property=\"og:site_name\" content=\"Szalajka Liget Hotel \u00e9s Apartmanh\u00e1zak\" \/>\n<meta property=\"article:modified_time\" content=\"2025-09-23T10:03:43+00:00\" \/>\n<meta name=\"twitter:card\" content=\"summary_large_image\" \/>\n<script type=\"application\/ld+json\" class=\"yoast-schema-graph\">{\"@context\":\"https:\\\/\\\/schema.org\",\"@graph\":[{\"@type\":\"WebPage\",\"@id\":\"https:\\\/\\\/szalajkaliget.hu\\\/pl\\\/\",\"url\":\"https:\\\/\\\/szalajkaliget.hu\\\/pl\\\/\",\"name\":\"Hotel i Apartamenty Szalajka Liget - Szalajka Liget Hotel \u00e9s Apartmanh\u00e1zak\",\"isPartOf\":{\"@id\":\"https:\\\/\\\/szalajkaliget.hu\\\/#website\"},\"datePublished\":\"2025-08-07T07:23:57+00:00\",\"dateModified\":\"2025-09-23T10:03:43+00:00\",\"breadcrumb\":{\"@id\":\"https:\\\/\\\/szalajkaliget.hu\\\/pl\\\/#breadcrumb\"},\"inLanguage\":\"pl-PL\",\"potentialAction\":[{\"@type\":\"ReadAction\",\"target\":[\"https:\\\/\\\/szalajkaliget.hu\\\/pl\\\/\"]}]},{\"@type\":\"BreadcrumbList\",\"@id\":\"https:\\\/\\\/szalajkaliget.hu\\\/pl\\\/#breadcrumb\",\"itemListElement\":[{\"@type\":\"ListItem\",\"position\":1,\"name\":\"Kezd\u0151lap\",\"item\":\"https:\\\/\\\/szalajkaliget.hu\\\/pl\\\/\"},{\"@type\":\"ListItem\",\"position\":2,\"name\":\"Hotel i Apartamenty Szalajka Liget\"}]},{\"@type\":\"WebSite\",\"@id\":\"https:\\\/\\\/szalajkaliget.hu\\\/#website\",\"url\":\"https:\\\/\\\/szalajkaliget.hu\\\/\",\"name\":\"Szalajka Liget Hotel \u00e9s Apartmanh\u00e1zak\",\"description\":\"Szilv\u00e1sv\u00e1rad gy\u00f6ngyszeme az erd\u0151 sz\u00e9l\u00e9n\",\"publisher\":{\"@id\":\"https:\\\/\\\/szalajkaliget.hu\\\/#organization\"},\"potentialAction\":[{\"@type\":\"SearchAction\",\"target\":{\"@type\":\"EntryPoint\",\"urlTemplate\":\"https:\\\/\\\/szalajkaliget.hu\\\/?s={search_term_string}\"},\"query-input\":{\"@type\":\"PropertyValueSpecification\",\"valueRequired\":true,\"valueName\":\"search_term_string\"}}],\"inLanguage\":\"pl-PL\"},{\"@type\":\"Organization\",\"@id\":\"https:\\\/\\\/szalajkaliget.hu\\\/#organization\",\"name\":\"Szalajka Liget Hotel \u00e9s Apartmanh\u00e1zak\",\"url\":\"https:\\\/\\\/szalajkaliget.hu\\\/\",\"logo\":{\"@type\":\"ImageObject\",\"inLanguage\":\"pl-PL\",\"@id\":\"https:\\\/\\\/szalajkaliget.hu\\\/#\\\/schema\\\/logo\\\/image\\\/\",\"url\":\"https:\\\/\\\/szalajkaliget.hu\\\/wp-content\\\/uploads\\\/2025\\\/08\\\/szalajka-liget-logo-web.png\",\"contentUrl\":\"https:\\\/\\\/szalajkaliget.hu\\\/wp-content\\\/uploads\\\/2025\\\/08\\\/szalajka-liget-logo-web.png\",\"width\":265,\"height\":74,\"caption\":\"Szalajka Liget Hotel \u00e9s Apartmanh\u00e1zak\"},\"image\":{\"@id\":\"https:\\\/\\\/szalajkaliget.hu\\\/#\\\/schema\\\/logo\\\/image\\\/\"}}]}<\/script>\n<!-- \/ Yoast SEO plugin. -->","yoast_head_json":{"title":"Hotel i Apartamenty Szalajka Liget - Szalajka Liget Hotel \u00e9s Apartmanh\u00e1zak","robots":{"index":"index","follow":"follow","max-snippet":"max-snippet:-1","max-image-preview":"max-image-preview:large","max-video-preview":"max-video-preview:-1"},"canonical":"https:\/\/szalajkaliget.hu\/pl\/","og_locale":"pl_PL","og_type":"article","og_title":"Hotel i Apartamenty Szalajka Liget - Szalajka Liget Hotel \u00e9s Apartmanh\u00e1zak","og_url":"https:\/\/szalajkaliget.hu\/pl\/","og_site_name":"Szalajka Liget Hotel \u00e9s Apartmanh\u00e1zak","article_modified_time":"2025-09-23T10:03:43+00:00","twitter_card":"summary_large_image","schema":{"@context":"https:\/\/schema.org","@graph":[{"@type":"WebPage","@id":"https:\/\/szalajkaliget.hu\/pl\/","url":"https:\/\/szalajkaliget.hu\/pl\/","name":"Hotel i Apartamenty Szalajka Liget - Szalajka Liget Hotel \u00e9s Apartmanh\u00e1zak","isPartOf":{"@id":"https:\/\/szalajkaliget.hu\/#website"},"datePublished":"2025-08-07T07:23:57+00:00","dateModified":"2025-09-23T10:03:43+00:00","breadcrumb":{"@id":"https:\/\/szalajkaliget.hu\/pl\/#breadcrumb"},"inLanguage":"pl-PL","potentialAction":[{"@type":"ReadAction","target":["https:\/\/szalajkaliget.hu\/pl\/"]}]},{"@type":"BreadcrumbList","@id":"https:\/\/szalajkaliget.hu\/pl\/#breadcrumb","itemListElement":[{"@type":"ListItem","position":1,"name":"Kezd\u0151lap","item":"https:\/\/szalajkaliget.hu\/pl\/"},{"@type":"ListItem","position":2,"name":"Hotel i Apartamenty Szalajka Liget"}]},{"@type":"WebSite","@id":"https:\/\/szalajkaliget.hu\/#website","url":"https:\/\/szalajkaliget.hu\/","name":"Szalajka Liget Hotel \u00e9s Apartmanh\u00e1zak","description":"Szilv\u00e1sv\u00e1rad gy\u00f6ngyszeme az erd\u0151 sz\u00e9l\u00e9n","publisher":{"@id":"https:\/\/szalajkaliget.hu\/#organization"},"potentialAction":[{"@type":"SearchAction","target":{"@type":"EntryPoint","urlTemplate":"https:\/\/szalajkaliget.hu\/?s={search_term_string}"},"query-input":{"@type":"PropertyValueSpecification","valueRequired":true,"valueName":"search_term_string"}}],"inLanguage":"pl-PL"},{"@type":"Organization","@id":"https:\/\/szalajkaliget.hu\/#organization","name":"Szalajka Liget Hotel \u00e9s Apartmanh\u00e1zak","url":"https:\/\/szalajkaliget.hu\/","logo":{"@type":"ImageObject","inLanguage":"pl-PL","@id":"https:\/\/szalajkaliget.hu\/#\/schema\/logo\/image\/","url":"https:\/\/szalajkaliget.hu\/wp-content\/uploads\/2025\/08\/szalajka-liget-logo-web.png","contentUrl":"https:\/\/szalajkaliget.hu\/wp-content\/uploads\/2025\/08\/szalajka-liget-logo-web.png","width":265,"height":74,"caption":"Szalajka Liget Hotel \u00e9s Apartmanh\u00e1zak"},"image":{"@id":"https:\/\/szalajkaliget.hu\/#\/schema\/logo\/image\/"}}]}},"_links":{"self":[{"href":"https:\/\/szalajkaliget.hu\/pl\/wp-json\/wp\/v2\/pages\/255","targetHints":{"allow":["GET"]}}],"collection":[{"href":"https:\/\/szalajkaliget.hu\/pl\/wp-json\/wp\/v2\/pages"}],"about":[{"href":"https:\/\/szalajkaliget.hu\/pl\/wp-json\/wp\/v2\/types\/page"}],"author":[{"embeddable":true,"href":"https:\/\/szalajkaliget.hu\/pl\/wp-json\/wp\/v2\/users\/1"}],"replies":[{"embeddable":true,"href":"https:\/\/szalajkaliget.hu\/pl\/wp-json\/wp\/v2\/comments?post=255"}],"version-history":[{"count":1,"href":"https:\/\/szalajkaliget.hu\/pl\/wp-json\/wp\/v2\/pages\/255\/revisions"}],"predecessor-version":[{"id":374,"href":"https:\/\/szalajkaliget.hu\/pl\/wp-json\/wp\/v2\/pages\/255\/revisions\/374"}],"wp:attachment":[{"href":"https:\/\/szalajkaliget.hu\/pl\/wp-json\/wp\/v2\/media?parent=255"}],"curies":[{"name":"wp","href":"https:\/\/api.w.org\/{rel}","templated":true}]}}